{"id":8,"date":"2022-07-14T02:28:08","date_gmt":"2022-07-13T23:28:08","guid":{"rendered":"https:\/\/leda.com.tr\/?page_id=8"},"modified":"2023-06-19T14:18:29","modified_gmt":"2023-06-19T11:18:29","slug":"news","status":"publish","type":"page","link":"https:\/\/leda.com.tr\/en\/news\/","title":{"rendered":"News"},"content":{"rendered":"<p><div class=\"fusion-fullwidth fullwidth-box fusion-builder-row-1 fusion-flex-container has-pattern-background has-mask-background nonhundred-percent-fullwidth non-hundred-percent-height-scrolling\" style=\"--link_hover_color: var(--awb-color4);--link_color: var(--awb-color7);--awb-border-sizes-top:0px;--awb-border-sizes-bottom:0px;--awb-border-sizes-left:0px;--awb-border-sizes-right:0px;--awb-border-radius-top-left:0px;--awb-border-radius-top-right:0px;--awb-border-radius-bottom-right:0px;--awb-border-radius-bottom-left:0px;--awb-padding-top:50px;--awb-padding-bottom:15px;--awb-flex-wrap:wrap;\" ><div class=\"fusion-builder-row fusion-row fusion-flex-align-items-flex-start fusion-flex-content-wrap\" style=\"max-width:1216.8px;margin-left: calc(-4% \/ 2 );margin-right: calc(-4% \/ 2 );\"><div class=\"fusion-layout-column fusion_builder_column fusion-builder-column-0 fusion_builder_column_1_1 1_1 fusion-flex-column fusion-no-small-visibility\" style=\"--awb-bg-color:var(--awb-color1);--awb-bg-color-hover:var(--awb-color1);--awb-bg-size:cover;--awb-width-large:100%;--awb-margin-top-large:0px;--awb-spacing-right-large:1.92%;--awb-margin-bottom-large:0px;--awb-spacing-left-large:1.92%;--awb-width-medium:100%;--awb-order-medium:0;--awb-spacing-right-medium:1.92%;--awb-spacing-left-medium:1.92%;--awb-width-small:100%;--awb-order-small:0;--awb-spacing-right-small:1.92%;--awb-spacing-left-small:1.92%;\"><div class=\"fusion-column-wrapper fusion-column-has-shadow fusion-flex-justify-content-flex-start fusion-content-layout-column\"><div class=\"fusion-separator fusion-no-small-visibility fusion-full-width-sep\" style=\"align-self: center;margin-left: auto;margin-right: auto;margin-top:40px;width:100%;\"><\/div><\/div><\/div><div class=\"fusion-layout-column fusion_builder_column fusion-builder-column-1 fusion-flex-column\" style=\"--awb-bg-size:cover;--awb-width-large:5%;--awb-margin-top-large:0px;--awb-spacing-right-large:38.4%;--awb-margin-bottom-large:0px;--awb-spacing-left-large:38.4%;--awb-width-medium:100%;--awb-order-medium:0;--awb-spacing-right-medium:1.92%;--awb-spacing-left-medium:1.92%;--awb-width-small:100%;--awb-order-small:0;--awb-spacing-right-small:1.92%;--awb-spacing-left-small:1.92%;\"><div class=\"fusion-column-wrapper fusion-column-has-shadow fusion-flex-justify-content-flex-start fusion-content-layout-column\"><\/div><\/div><div class=\"fusion-layout-column fusion_builder_column fusion-builder-column-2 fusion-flex-column\" style=\"--awb-bg-color:rgba(160,206,78,0.31);--awb-bg-color-hover:rgba(160,206,78,0.31);--awb-bg-image:linear-gradient(180deg, rgba(160,206,78,0.31) 0%,var(--awb-color3) 100%);--awb-bg-size:cover;--awb-width-large:90%;--awb-margin-top-large:0px;--awb-spacing-right-large:2.1333333333333%;--awb-margin-bottom-large:0px;--awb-spacing-left-large:2.1333333333333%;--awb-width-medium:100%;--awb-order-medium:0;--awb-spacing-right-medium:1.92%;--awb-spacing-left-medium:1.92%;--awb-width-small:100%;--awb-order-small:0;--awb-spacing-right-small:1.92%;--awb-spacing-left-small:1.92%;\"><div class=\"fusion-column-wrapper fusion-column-has-shadow fusion-flex-justify-content-flex-start fusion-content-layout-column\"><div class=\"fusion-title title fusion-title-1 fusion-sep-none fusion-title-center fusion-title-text fusion-title-size-two\" style=\"--awb-margin-top:10px;--awb-margin-bottom:20px;--awb-font-size:36px;\"><h2 class=\"fusion-title-heading title-heading-center fusion-responsive-typography-calculated\" style=\"margin:0;font-size:1em;--fontSize:36;line-height:1.5;\">News<\/h2><\/div><div class=\"fusion-text fusion-text-1\" style=\"--awb-content-alignment:center;--awb-font-size:20px;--awb-letter-spacing:2px;--awb-text-color:var(--awb-color7);--awb-text-font-family:&quot;Roboto&quot;;--awb-text-font-style:normal;--awb-text-font-weight:300;\"><p>Leda Dan\u0131\u015fmanl\u0131k, Ayval\u0131k, \u00dclkemiz ve D\u00fcnya<\/p>\n<\/div><div class=\"fusion-separator fusion-full-width-sep\" style=\"align-self: center;margin-left: auto;margin-right: auto;margin-top:5px;width:100%;\"><\/div><div class=\"fusion-image-element\" style=\"text-align:center;--awb-caption-title-font-family:var(--h2_typography-font-family);--awb-caption-title-font-weight:var(--h2_typography-font-weight);--awb-caption-title-font-style:var(--h2_typography-font-style);--awb-caption-title-size:var(--h2_typography-font-size);--awb-caption-title-transform:var(--h2_typography-text-transform);--awb-caption-title-line-height:var(--h2_typography-line-height);--awb-caption-title-letter-spacing:var(--h2_typography-letter-spacing);\"><span class=\"fusion-imageframe imageframe-none imageframe-1 hover-type-none\"><img decoding=\"async\" width=\"40\" height=\"20\" title=\"Olives-divide\" src=\"https:\/\/leda.com.tr\/wp-content\/uploads\/2023\/02\/Olives-divide.png\" alt class=\"img-responsive wp-image-1068\" srcset=\"https:\/\/leda.com.tr\/wp-content\/uploads\/2023\/02\/Olives-divide-18x9.png 18w, https:\/\/leda.com.tr\/wp-content\/uploads\/2023\/02\/Olives-divide.png 40w\" sizes=\"(max-width: 40px) 100vw, 40px\" \/><\/span><\/div><div class=\"fusion-separator fusion-full-width-sep\" style=\"align-self: center;margin-left: auto;margin-right: auto;margin-top:5px;margin-bottom:15px;width:100%;\"><\/div><div class=\"fusion-blog-shortcode fusion-blog-shortcode-1 fusion-blog-archive fusion-blog-layout-timeline-wrapper fusion-blog-pagination\" style=\"margin-right:20px;margin-left:20px;--awb-title-font-size:18px;--grid_separator_color:var(--awb-color5);\"><div class=\"fusion-posts-container fusion-posts-container-pagination fusion-no-meta-info fusion-blog-rollover\" data-pages=\"2\"><div class=\"fusion-timeline-icon\"><i class=\"awb-icon-bubbles\" style=\"color:#ffffff;\" aria-hidden=\"true\"><\/i><\/div><div class=\"fusion-blog-layout-timeline fusion-clearfix\"><div class=\"fusion-timeline-line\" style=\"border-left:1px solid #ffffff;border-right:1px solid #ffffff;\"><\/div><h3 class=\"fusion-timeline-date\" style=\"background-color:#ffffff;\">May 2023<\/h3><div class=\"fusion-collapse-month\"><article id=\"blog-1-post-1786\" style=\"border-color:#ffffff;\" class=\"fusion-post-timeline fusion-clearfix fusion-left-column post-1786 post type-post status-publish format-standard has-post-thumbnail hentry category-haberler\">\n<div class=\"fusion-post-wrapper\" style=\"background-color:rgba(205,206,177,0.26);\">\n\n\t\t\t<div class=\"fusion-flexslider flexslider fusion-flexslider-loading fusion-post-slideshow\" style=\"border-color:#ffffff;\">\n\t\t<ul class=\"slides\">\n\t\t\t\n\t\t\t\t\t\t\t\t\t\t\t\t\t\t<li><div  class=\"fusion-image-wrapper\" aria-haspopup=\"true\">\n\t\t\t\t<img decoding=\"async\" width=\"1706\" height=\"1706\" src=\"https:\/\/leda.com.tr\/wp-content\/uploads\/2023\/06\/Leda_23Nisan_2023.jpg\" class=\"attachment-full size-full wp-post-image\" alt=\"\" srcset=\"https:\/\/leda.com.tr\/wp-content\/uploads\/2023\/06\/Leda_23Nisan_2023-200x200.jpg 200w, https:\/\/leda.com.tr\/wp-content\/uploads\/2023\/06\/Leda_23Nisan_2023-400x400.jpg 400w, https:\/\/leda.com.tr\/wp-content\/uploads\/2023\/06\/Leda_23Nisan_2023-600x600.jpg 600w, https:\/\/leda.com.tr\/wp-content\/uploads\/2023\/06\/Leda_23Nisan_2023-800x800.jpg 800w, https:\/\/leda.com.tr\/wp-content\/uploads\/2023\/06\/Leda_23Nisan_2023-1200x1200.jpg 1200w, https:\/\/leda.com.tr\/wp-content\/uploads\/2023\/06\/Leda_23Nisan_2023.jpg 1706w\" sizes=\"(max-width: 1024px) 100vw, (max-width: 640px) 100vw, 40vw\" \/><div class=\"fusion-rollover\">\n\t<div class=\"fusion-rollover-content\">\n\n\t\t\t\t\t\t\t\t\t\t\t\t\t\t<a class=\"fusion-rollover-link\" href=\"https:\/\/leda.com.tr\/en\/19-mayis-2023\/\">19 May\u0131s Atat\u00fcrk\u2019\u00fc Anma, Gen\u00e7lik ve Spor Bayram\u0131m\u0131z Kutlu Olsun<\/a>\n\t\t\t\n\t\t\t\t\t\t\t\t\n\t\t\n\t\t\t\t\t\t\t\t\n\t\t\t\t\t\t\t\t\n\t\t\n\t\t\t\t\t\t<a class=\"fusion-link-wrapper\" href=\"https:\/\/leda.com.tr\/en\/19-mayis-2023\/\" aria-label=\"19 May\u0131s Atat\u00fcrk\u2019\u00fc Anma, Gen\u00e7lik ve Spor Bayram\u0131m\u0131z Kutlu Olsun\"><\/a>\n\t<\/div>\n<\/div>\n<\/div>\n<\/li>\n\t\t\t\n\t\t\t\n\t\t\t\t\t\t\t\t\t\t\t\t\t\t\t\t\t\t\t\t\t\t\t\t\t\t\t\t\t\t\t\t\t\t\t\t\t\t\t\t\t\t\t\t\t\t\t\t\t\t\t\t\t\t\t\t\t\t\t\t\t\t\t\t\t\t\t\t<\/ul>\n\t<\/div>\n\t<div class=\"fusion-post-content-wrapper\" style=\"padding:30px 25px 20px 25px;\"><div class=\"fusion-post-content post-content\"><div class=\"fusion-timeline-circle\" style=\"background-color:#ffffff;\"><\/div><div class=\"fusion-timeline-arrow\" style=\"color:#ffffff;\"><\/div><h3 class=\"blog-shortcode-post-title entry-title\"><a href=\"https:\/\/leda.com.tr\/en\/19-mayis-2023\/\">19 May\u0131s Atat\u00fcrk\u2019\u00fc Anma, Gen\u00e7lik ve Spor Bayram\u0131m\u0131z Kutlu Olsun<\/a><\/h3><\/div><\/div><div class=\"fusion-clearfix\"><\/div><\/div>\n<\/article>\n<\/div><h3 class=\"fusion-timeline-date\" style=\"background-color:#ffffff;\">April 2023<\/h3><div class=\"fusion-collapse-month\"><article id=\"blog-1-post-1781\" style=\"border-color:#ffffff;\" class=\"fusion-post-timeline fusion-clearfix fusion-right-column post-1781 post type-post status-publish format-standard has-post-thumbnail hentry category-haberler\">\n<div class=\"fusion-post-wrapper\" style=\"background-color:rgba(205,206,177,0.26);\">\n\n\t\t\t<div class=\"fusion-flexslider flexslider fusion-flexslider-loading fusion-post-slideshow\" style=\"border-color:#ffffff;\">\n\t\t<ul class=\"slides\">\n\t\t\t\n\t\t\t\t\t\t\t\t\t\t\t\t\t\t<li><div  class=\"fusion-image-wrapper\" aria-haspopup=\"true\">\n\t\t\t\t<img decoding=\"async\" width=\"1600\" height=\"1185\" src=\"https:\/\/leda.com.tr\/wp-content\/uploads\/2023\/06\/Leda_23Nisan2023.jpg\" class=\"attachment-full size-full wp-post-image\" alt=\"23 Nisan 2023\" srcset=\"https:\/\/leda.com.tr\/wp-content\/uploads\/2023\/06\/Leda_23Nisan2023-200x148.jpg 200w, https:\/\/leda.com.tr\/wp-content\/uploads\/2023\/06\/Leda_23Nisan2023-400x296.jpg 400w, https:\/\/leda.com.tr\/wp-content\/uploads\/2023\/06\/Leda_23Nisan2023-600x444.jpg 600w, https:\/\/leda.com.tr\/wp-content\/uploads\/2023\/06\/Leda_23Nisan2023-800x593.jpg 800w, https:\/\/leda.com.tr\/wp-content\/uploads\/2023\/06\/Leda_23Nisan2023-1200x889.jpg 1200w, https:\/\/leda.com.tr\/wp-content\/uploads\/2023\/06\/Leda_23Nisan2023.jpg 1600w\" sizes=\"(max-width: 1024px) 100vw, (max-width: 640px) 100vw, 40vw\" \/><div class=\"fusion-rollover\">\n\t<div class=\"fusion-rollover-content\">\n\n\t\t\t\t\t\t\t\t\t\t\t\t\t\t<a class=\"fusion-rollover-link\" href=\"https:\/\/leda.com.tr\/en\/23-nisan-2023\/\">23 Nisan Ulusal Egemenlik ve \u00c7ocuk Bayram\u0131m\u0131z Kutlu Olsun<\/a>\n\t\t\t\n\t\t\t\t\t\t\t\t\n\t\t\n\t\t\t\t\t\t\t\t\n\t\t\t\t\t\t\t\t\n\t\t\n\t\t\t\t\t\t<a class=\"fusion-link-wrapper\" href=\"https:\/\/leda.com.tr\/en\/23-nisan-2023\/\" aria-label=\"23 Nisan Ulusal Egemenlik ve \u00c7ocuk Bayram\u0131m\u0131z Kutlu Olsun\"><\/a>\n\t<\/div>\n<\/div>\n<\/div>\n<\/li>\n\t\t\t\n\t\t\t\n\t\t\t\t\t\t\t\t\t\t\t\t\t\t\t\t\t\t\t\t\t\t\t\t\t\t\t\t\t\t\t\t\t\t\t\t\t\t\t\t\t\t\t\t\t\t\t\t\t\t\t\t\t\t\t\t\t\t\t\t\t\t\t\t\t\t\t\t<\/ul>\n\t<\/div>\n\t<div class=\"fusion-post-content-wrapper\" style=\"padding:30px 25px 20px 25px;\"><div class=\"fusion-post-content post-content\"><div class=\"fusion-timeline-circle\" style=\"background-color:#ffffff;\"><\/div><div class=\"fusion-timeline-arrow\" style=\"color:#ffffff;\"><\/div><h3 class=\"blog-shortcode-post-title entry-title\"><a href=\"https:\/\/leda.com.tr\/en\/23-nisan-2023\/\">23 Nisan Ulusal Egemenlik ve \u00c7ocuk Bayram\u0131m\u0131z Kutlu Olsun<\/a><\/h3><\/div><\/div><div class=\"fusion-clearfix\"><\/div><\/div>\n<\/article>\n<\/div><h3 class=\"fusion-timeline-date\" style=\"background-color:#ffffff;\">March 2023<\/h3><div class=\"fusion-collapse-month\"><article id=\"blog-1-post-1790\" style=\"border-color:#ffffff;\" class=\"fusion-post-timeline fusion-clearfix fusion-left-column post-1790 post type-post status-publish format-standard has-post-thumbnail hentry category-haberler\">\n<div class=\"fusion-post-wrapper\" style=\"background-color:rgba(205,206,177,0.26);\">\n\n\t\t\t<div class=\"fusion-flexslider flexslider fusion-flexslider-loading fusion-post-slideshow\" style=\"border-color:#ffffff;\">\n\t\t<ul class=\"slides\">\n\t\t\t\n\t\t\t\t\t\t\t\t\t\t\t\t\t\t<li><div  class=\"fusion-image-wrapper\" aria-haspopup=\"true\">\n\t\t\t\t<img decoding=\"async\" width=\"1280\" height=\"1707\" src=\"https:\/\/leda.com.tr\/wp-content\/uploads\/2023\/06\/Leda_EmbeddedWorld_2023.jpg\" class=\"attachment-full size-full wp-post-image\" alt=\"Leda Embedded World 2023\" srcset=\"https:\/\/leda.com.tr\/wp-content\/uploads\/2023\/06\/Leda_EmbeddedWorld_2023-200x267.jpg 200w, https:\/\/leda.com.tr\/wp-content\/uploads\/2023\/06\/Leda_EmbeddedWorld_2023-400x533.jpg 400w, https:\/\/leda.com.tr\/wp-content\/uploads\/2023\/06\/Leda_EmbeddedWorld_2023-600x800.jpg 600w, https:\/\/leda.com.tr\/wp-content\/uploads\/2023\/06\/Leda_EmbeddedWorld_2023-800x1067.jpg 800w, https:\/\/leda.com.tr\/wp-content\/uploads\/2023\/06\/Leda_EmbeddedWorld_2023-1200x1600.jpg 1200w, https:\/\/leda.com.tr\/wp-content\/uploads\/2023\/06\/Leda_EmbeddedWorld_2023.jpg 1280w\" sizes=\"(max-width: 1024px) 100vw, (max-width: 640px) 100vw, 40vw\" \/><div class=\"fusion-rollover\">\n\t<div class=\"fusion-rollover-content\">\n\n\t\t\t\t\t\t\t\t\t\t\t\t\t\t<a class=\"fusion-rollover-link\" href=\"https:\/\/leda.com.tr\/en\/embedded-world-2023\/\">Embedded World 2023 N\u00fcrnberg Ziyareti<\/a>\n\t\t\t\n\t\t\t\t\t\t\t\t\n\t\t\n\t\t\t\t\t\t\t\t\n\t\t\t\t\t\t\t\t\n\t\t\n\t\t\t\t\t\t<a class=\"fusion-link-wrapper\" href=\"https:\/\/leda.com.tr\/en\/embedded-world-2023\/\" aria-label=\"Embedded World 2023 N\u00fcrnberg Ziyareti\"><\/a>\n\t<\/div>\n<\/div>\n<\/div>\n<\/li>\n\t\t\t\n\t\t\t\n\t\t\t\t\t\t\t\t\t\t\t\t\t\t\t\t\t\t\t\t\t\t\t\t\t\t\t\t\t\t\t\t\t\t\t\t\t\t\t\t\t\t\t\t\t\t\t\t\t\t\t\t\t\t\t\t\t\t\t\t\t\t\t\t\t\t\t\t<\/ul>\n\t<\/div>\n\t<div class=\"fusion-post-content-wrapper\" style=\"padding:30px 25px 20px 25px;\"><div class=\"fusion-post-content post-content\"><div class=\"fusion-timeline-circle\" style=\"background-color:#ffffff;\"><\/div><div class=\"fusion-timeline-arrow\" style=\"color:#ffffff;\"><\/div><h3 class=\"blog-shortcode-post-title entry-title\"><a href=\"https:\/\/leda.com.tr\/en\/embedded-world-2023\/\">Embedded World 2023 N\u00fcrnberg Ziyareti<\/a><\/h3><\/div><\/div><div class=\"fusion-clearfix\"><\/div><\/div>\n<\/article>\n<\/div><h3 class=\"fusion-timeline-date\" style=\"background-color:#ffffff;\">February 2023<\/h3><div class=\"fusion-collapse-month\"><article id=\"blog-1-post-1098\" style=\"border-color:#ffffff;\" class=\"fusion-post-timeline fusion-clearfix fusion-right-column post-1098 post type-post status-publish format-standard has-post-thumbnail hentry category-haberler\">\n<div class=\"fusion-post-wrapper\" style=\"background-color:rgba(205,206,177,0.26);\">\n\n\t\t\t<div class=\"fusion-flexslider flexslider fusion-flexslider-loading fusion-post-slideshow\" style=\"border-color:#ffffff;\">\n\t\t<ul class=\"slides\">\n\t\t\t\n\t\t\t\t\t\t\t\t\t\t\t\t\t\t<li><div  class=\"fusion-image-wrapper\" aria-haspopup=\"true\">\n\t\t\t\t<img decoding=\"async\" width=\"800\" height=\"800\" src=\"https:\/\/leda.com.tr\/wp-content\/uploads\/2023\/02\/Leda_Nergis-Web.jpg\" class=\"attachment-full size-full wp-post-image\" alt=\"Vozada Nergis\" srcset=\"https:\/\/leda.com.tr\/wp-content\/uploads\/2023\/02\/Leda_Nergis-Web-200x200.jpg 200w, https:\/\/leda.com.tr\/wp-content\/uploads\/2023\/02\/Leda_Nergis-Web-400x400.jpg 400w, https:\/\/leda.com.tr\/wp-content\/uploads\/2023\/02\/Leda_Nergis-Web-600x600.jpg 600w, https:\/\/leda.com.tr\/wp-content\/uploads\/2023\/02\/Leda_Nergis-Web.jpg 800w\" sizes=\"(max-width: 1024px) 100vw, (max-width: 640px) 100vw, 40vw\" \/><div class=\"fusion-rollover\">\n\t<div class=\"fusion-rollover-content\">\n\n\t\t\t\t\t\t\t\t\t\t\t\t\t\t<a class=\"fusion-rollover-link\" href=\"https:\/\/leda.com.tr\/en\/gecmis-olsun\/\">Our prayers for our homeland and people to recover soon<\/a>\n\t\t\t\n\t\t\t\t\t\t\t\t\n\t\t\n\t\t\t\t\t\t\t\t\n\t\t\t\t\t\t\t\t\n\t\t\n\t\t\t\t\t\t<a class=\"fusion-link-wrapper\" href=\"https:\/\/leda.com.tr\/en\/gecmis-olsun\/\" aria-label=\"Our prayers for our homeland and people to recover soon\"><\/a>\n\t<\/div>\n<\/div>\n<\/div>\n<\/li>\n\t\t\t\n\t\t\t\n\t\t\t\t\t\t\t\t\t\t\t\t\t\t\t\t\t\t\t\t\t\t\t\t\t\t\t\t\t\t\t\t\t\t\t\t\t\t\t\t\t\t\t\t\t\t\t\t\t\t\t\t\t\t\t\t\t\t\t\t\t\t\t\t\t\t\t\t<\/ul>\n\t<\/div>\n\t<div class=\"fusion-post-content-wrapper\" style=\"padding:30px 25px 20px 25px;\"><div class=\"fusion-post-content post-content\"><div class=\"fusion-timeline-circle\" style=\"background-color:#ffffff;\"><\/div><div class=\"fusion-timeline-arrow\" style=\"color:#ffffff;\"><\/div><h3 class=\"blog-shortcode-post-title entry-title\"><a href=\"https:\/\/leda.com.tr\/en\/gecmis-olsun\/\">Our prayers for our homeland and people to recover soon<\/a><\/h3><\/div><\/div><div class=\"fusion-clearfix\"><\/div><\/div>\n<\/article>\n<\/div><\/div><\/div><div class=\"pagination clearfix\"><span class=\"current\">1<\/span><a href=\"https:\/\/leda.com.tr\/en\/wp-json\/wp\/v2\/pages\/8\/page\/2\/\" class=\"inactive\">2<\/a><a class=\"pagination-next\" rel=\"next\" href=\"https:\/\/leda.com.tr\/en\/wp-json\/wp\/v2\/pages\/8\/page\/2\/\"><span class=\"page-text\">Next<\/span><span class=\"page-next\"><\/span><\/a><\/div><div class=\"fusion-clearfix\"><\/div><\/div><div class=\"fusion-separator fusion-full-width-sep\" style=\"align-self: center;margin-left: auto;margin-right: auto;margin-top:5px;margin-bottom:15px;width:100%;\"><\/div><\/div><\/div><div class=\"fusion-layout-column fusion_builder_column fusion-builder-column-3 fusion-flex-column\" style=\"--awb-bg-size:cover;--awb-width-large:5%;--awb-margin-top-large:0px;--awb-spacing-right-large:38.4%;--awb-margin-bottom-large:0px;--awb-spacing-left-large:38.4%;--awb-width-medium:100%;--awb-order-medium:0;--awb-spacing-right-medium:1.92%;--awb-spacing-left-medium:1.92%;--awb-width-small:100%;--awb-order-small:0;--awb-spacing-right-small:1.92%;--awb-spacing-left-small:1.92%;\"><div class=\"fusion-column-wrapper fusion-column-has-shadow fusion-flex-justify-content-flex-start fusion-content-layout-column\"><\/div><\/div><\/div><\/div><div class=\"fusion-fullwidth fullwidth-box fusion-builder-row-2 fusion-flex-container has-pattern-background has-mask-background nonhundred-percent-fullwidth non-hundred-percent-height-scrolling\" style=\"--awb-border-radius-top-left:0px;--awb-border-radius-top-right:0px;--awb-border-radius-bottom-right:0px;--awb-border-radius-bottom-left:0px;--awb-flex-wrap:wrap;\" ><div class=\"fusion-builder-row fusion-row fusion-flex-align-items-flex-start fusion-flex-content-wrap\" style=\"max-width:1216.8px;margin-left: calc(-4% \/ 2 );margin-right: calc(-4% \/ 2 );\"><div class=\"fusion-layout-column fusion_builder_column fusion-builder-column-4 fusion_builder_column_1_1 1_1 fusion-flex-column\" style=\"--awb-bg-size:cover;--awb-width-large:100%;--awb-margin-top-large:0px;--awb-spacing-right-large:1.92%;--awb-margin-bottom-large:0px;--awb-spacing-left-large:1.92%;--awb-width-medium:100%;--awb-order-medium:0;--awb-spacing-right-medium:1.92%;--awb-spacing-left-medium:1.92%;--awb-width-small:100%;--awb-order-small:0;--awb-spacing-right-small:1.92%;--awb-spacing-left-small:1.92%;\"><div class=\"fusion-column-wrapper fusion-column-has-shadow fusion-flex-justify-content-flex-start fusion-content-layout-column\"><\/div><\/div><\/div><\/div><div class=\"fusion-fullwidth fullwidth-box fusion-builder-row-3 fusion-flex-container has-pattern-background has-mask-background nonhundred-percent-fullwidth non-hundred-percent-height-scrolling\" style=\"--awb-border-sizes-top:0px;--awb-border-sizes-bottom:0px;--awb-border-sizes-left:0px;--awb-border-sizes-right:0px;--awb-border-radius-top-left:0px;--awb-border-radius-top-right:0px;--awb-border-radius-bottom-right:0px;--awb-border-radius-bottom-left:0px;--awb-padding-top:15px;--awb-padding-bottom:30px;--awb-flex-wrap:wrap;\" ><div class=\"fusion-builder-row fusion-row fusion-flex-align-items-flex-start fusion-flex-content-wrap\" style=\"max-width:1216.8px;margin-left: calc(-4% \/ 2 );margin-right: calc(-4% \/ 2 );\"><div class=\"fusion-layout-column fusion_builder_column fusion-builder-column-5 fusion-flex-column fusion-no-small-visibility\" style=\"--awb-bg-color:var(--awb-color1);--awb-bg-color-hover:var(--awb-color1);--awb-bg-size:cover;--awb-width-large:5%;--awb-margin-top-large:0px;--awb-spacing-right-large:38.4%;--awb-margin-bottom-large:0px;--awb-spacing-left-large:2px;--awb-width-medium:100%;--awb-order-medium:0;--awb-spacing-right-medium:1.92%;--awb-spacing-left-medium:1.92%;--awb-width-small:100%;--awb-order-small:0;--awb-spacing-right-small:1.92%;--awb-spacing-left-small:1.92%;\"><div class=\"fusion-column-wrapper fusion-column-has-shadow fusion-flex-justify-content-flex-start fusion-content-layout-column\"><\/div><\/div><div class=\"fusion-layout-column fusion_builder_column fusion-builder-column-6 fusion-flex-column\" style=\"--awb-bg-color:var(--awb-color7);--awb-bg-color-hover:var(--awb-color7);--awb-bg-image:url(&#039;https:\/\/leda.com.tr\/wp-content\/uploads\/2023\/02\/Leda-Kapi.jpg&#039;);--awb-bg-size:cover;--awb-width-large:90%;--awb-margin-top-large:0px;--awb-spacing-right-large:2.1333333333333%;--awb-margin-bottom-large:0px;--awb-spacing-left-large:2.1333333333333%;--awb-width-medium:100%;--awb-order-medium:0;--awb-spacing-right-medium:1.92%;--awb-spacing-left-medium:1.92%;--awb-width-small:100%;--awb-order-small:0;--awb-spacing-right-small:1.92%;--awb-spacing-left-small:1.92%;\"><div class=\"fusion-column-wrapper fusion-column-has-shadow fusion-flex-justify-content-flex-start fusion-content-layout-column fusion-column-has-bg-image\" data-bg-url=\"https:\/\/leda.com.tr\/wp-content\/uploads\/2023\/02\/Leda-Kapi.jpg\"><div class=\"fusion-separator fusion-full-width-sep\" style=\"align-self: center;margin-left: auto;margin-right: auto;margin-top:40px;width:100%;\"><\/div><div class=\"fusion-image-element\" style=\"text-align:center;--awb-caption-title-font-family:var(--h2_typography-font-family);--awb-caption-title-font-weight:var(--h2_typography-font-weight);--awb-caption-title-font-style:var(--h2_typography-font-style);--awb-caption-title-size:var(--h2_typography-font-size);--awb-caption-title-transform:var(--h2_typography-text-transform);--awb-caption-title-line-height:var(--h2_typography-line-height);--awb-caption-title-letter-spacing:var(--h2_typography-letter-spacing);\"><span class=\"fusion-imageframe imageframe-none imageframe-2 hover-type-none\"><img decoding=\"async\" width=\"252\" height=\"96\" title=\"Leda-96w\" src=\"https:\/\/leda.com.tr\/wp-content\/uploads\/2023\/02\/Leda-96w.png\" alt class=\"img-responsive wp-image-1192\" srcset=\"https:\/\/leda.com.tr\/wp-content\/uploads\/2023\/02\/Leda-96w-200x76.png 200w, https:\/\/leda.com.tr\/wp-content\/uploads\/2023\/02\/Leda-96w.png 252w\" sizes=\"(max-width: 1024px) 100vw, (max-width: 640px) 100vw, 252px\" \/><\/span><\/div><div class=\"fusion-separator fusion-full-width-sep\" style=\"align-self: center;margin-left: auto;margin-right: auto;margin-top:15px;margin-bottom:25px;width:100%;\"><\/div><div class=\"fusion-text fusion-text-2\" style=\"--awb-content-alignment:center;--awb-font-size:30px;--awb-letter-spacing:2px;--awb-text-color:#ffffff;--awb-text-font-family:&quot;Roboto&quot;;--awb-text-font-style:normal;--awb-text-font-weight:300;\"><p>Are you interested in Leda Consultancy ?<\/p>\n<\/div><div class=\"fusion-text fusion-text-3\" style=\"--awb-content-alignment:center;--awb-font-size:24px;--awb-line-height:36px;--awb-letter-spacing:1px;--awb-text-color:#ffffff;--awb-margin-right:15%;--awb-margin-left:15%;--awb-text-font-family:&quot;Roboto&quot;;--awb-text-font-style:normal;--awb-text-font-weight:300;\"><p>Do you have a digital transformation initiative or a special local produce ?<\/p>\n<\/div><div class=\"fusion-separator fusion-full-width-sep\" style=\"align-self: center;margin-left: auto;margin-right: auto;margin-top:10px;margin-bottom:10px;width:100%;\"><\/div><div style=\"text-align:center;\"><a class=\"fusion-button button-flat fusion-button-default-size button-custom fusion-button-default button-1 fusion-button-default-span fusion-button-default-type fusion-has-button-gradient\" style=\"--button_accent_color:#1f1f27;--button_border_color:#1f1f27;--button_accent_hover_color:#ffffff;--button_border_hover_color:#ffffff;--button_border_width-top:1px;--button_border_width-right:1px;--button_border_width-bottom:1px;--button_border_width-left:1px;--button_gradient_top_color:var(--awb-color2);--button_gradient_bottom_color:var(--awb-color3);--button_gradient_top_color_hover:var(--awb-color4);--button_gradient_bottom_color_hover:var(--awb-color4);--button_margin-top:8px;\" target=\"_self\" href=\"https:\/\/leda.com.tr\/contact\/\"><i class=\"fa-play fas button-icon-left\" aria-hidden=\"true\"><\/i><span class=\"fusion-button-text\">Contact Us<\/span><\/a><\/div><div class=\"fusion-separator fusion-full-width-sep\" style=\"align-self: center;margin-left: auto;margin-right: auto;margin-bottom:30px;width:100%;\"><\/div><\/div><\/div><div class=\"fusion-layout-column fusion_builder_column fusion-builder-column-7 fusion-flex-column fusion-flex-align-self-flex-start fusion-no-small-visibility\" style=\"--awb-bg-color:var(--awb-color1);--awb-bg-color-hover:var(--awb-color1);--awb-bg-size:cover;--awb-width-large:5%;--awb-margin-top-large:0px;--awb-spacing-right-large:38.4%;--awb-margin-bottom-large:0px;--awb-spacing-left-large:2px;--awb-width-medium:100%;--awb-order-medium:0;--awb-spacing-right-medium:1.92%;--awb-spacing-left-medium:1.92%;--awb-width-small:100%;--awb-order-small:0;--awb-spacing-right-small:1.92%;--awb-spacing-left-small:1.92%;\"><div class=\"fusion-column-wrapper fusion-column-has-shadow fusion-flex-justify-content-flex-start fusion-content-layout-column\"><\/div><\/div><\/div><\/div><\/p>","protected":false},"excerpt":{"rendered":"","protected":false},"author":1,"featured_media":0,"parent":0,"menu_order":0,"comment_status":"closed","ping_status":"closed","template":"100-width.php","meta":{"footnotes":""},"class_list":["post-8","page","type-page","status-publish","hentry"],"_links":{"self":[{"href":"https:\/\/leda.com.tr\/en\/wp-json\/wp\/v2\/pages\/8","targetHints":{"allow":["GET"]}}],"collection":[{"href":"https:\/\/leda.com.tr\/en\/wp-json\/wp\/v2\/pages"}],"about":[{"href":"https:\/\/leda.com.tr\/en\/wp-json\/wp\/v2\/types\/page"}],"author":[{"embeddable":true,"href":"https:\/\/leda.com.tr\/en\/wp-json\/wp\/v2\/users\/1"}],"replies":[{"embeddable":true,"href":"https:\/\/leda.com.tr\/en\/wp-json\/wp\/v2\/comments?post=8"}],"version-history":[{"count":21,"href":"https:\/\/leda.com.tr\/en\/wp-json\/wp\/v2\/pages\/8\/revisions"}],"predecessor-version":[{"id":1800,"href":"https:\/\/leda.com.tr\/en\/wp-json\/wp\/v2\/pages\/8\/revisions\/1800"}],"wp:attachment":[{"href":"https:\/\/leda.com.tr\/en\/wp-json\/wp\/v2\/media?parent=8"}],"curies":[{"name":"wp","href":"https:\/\/api.w.org\/{rel}","templated":true}]}}